{"id":2726,"date":"2022-07-31T11:14:59","date_gmt":"2022-07-31T04:14:59","guid":{"rendered":"https:\/\/newvisionlog.vn\/?page_id=2726"},"modified":"2023-02-27T09:16:08","modified_gmt":"2023-02-27T02:16:08","slug":"privacy-policy","status":"publish","type":"page","link":"https:\/\/newvisionlog.vn\/vi\/privacy-policy\/","title":{"rendered":"Ch\u00ednh s\u00e1ch ri\u00eang t\u01b0"},"content":{"rendered":"<h1>Privacy Policy for New Vision Logistics Co., Ltd<\/h1>\n<p>&nbsp;<\/p>\n<p>If you have additional questions or require more information about our Privacy Policy, do not hesitate to contact us.<\/p>","protected":false},"excerpt":{"rendered":"<p>Privacy Policy for New Vision Logistics Co., Ltd &nbsp; If you have additional questions or require more information about our Privacy Policy, do not hesitate to contact us.<\/p>","protected":false},"author":1,"featured_media":0,"parent":0,"menu_order":6,"comment_status":"closed","ping_status":"closed","template":"","meta":{"_et_pb_use_builder":"","_et_pb_old_content":"","_et_gb_content_width":"","footnotes":""},"class_list":["post-2726","page","type-page","status-publish","hentry"],"_links":{"self":[{"href":"https:\/\/newvisionlog.vn\/vi\/wp-json\/wp\/v2\/pages\/2726","targetHints":{"allow":["GET"]}}],"collection":[{"href":"https:\/\/newvisionlog.vn\/vi\/wp-json\/wp\/v2\/pages"}],"about":[{"href":"https:\/\/newvisionlog.vn\/vi\/wp-json\/wp\/v2\/types\/page"}],"author":[{"embeddable":true,"href":"https:\/\/newvisionlog.vn\/vi\/wp-json\/wp\/v2\/users\/1"}],"replies":[{"embeddable":true,"href":"https:\/\/newvisionlog.vn\/vi\/wp-json\/wp\/v2\/comments?post=2726"}],"version-history":[{"count":2,"href":"https:\/\/newvisionlog.vn\/vi\/wp-json\/wp\/v2\/pages\/2726\/revisions"}],"predecessor-version":[{"id":5195,"href":"https:\/\/newvisionlog.vn\/vi\/wp-json\/wp\/v2\/pages\/2726\/revisions\/5195"}],"wp:attachment":[{"href":"https:\/\/newvisionlog.vn\/vi\/wp-json\/wp\/v2\/media?parent=2726"}],"curies":[{"name":"wp","href":"https:\/\/api.w.org\/{rel}","templated":true}]}}