{"id":12,"date":"2014-06-30T09:47:41","date_gmt":"2014-06-30T09:47:41","guid":{"rendered":"https:\/\/newvisionlog.vn\/?page_id=12"},"modified":"2023-06-28T10:51:08","modified_gmt":"2023-06-28T03:51:08","slug":"career","status":"publish","type":"page","link":"https:\/\/newvisionlog.vn\/vi\/career\/","title":{"rendered":"Ngh\u1ec1 Nghi\u1ec7p"},"content":{"rendered":"<p>[et_pb_section fb_built=&#8221;1&#8243; _builder_version=&#8221;4.19.5&#8243; use_background_color_gradient=&#8221;on&#8221; background_color_gradient_stops=&#8221;rgba(43,135,218,0.46) 0%|rgba(41,196,169,0.54) 100%&#8221; background_image=&#8221;https:\/\/newvisionlog.vn\/wp-content\/uploads\/2023\/02\/Associate-in-accounting.jpg&#8221; width=&#8221;100%&#8221; max_width=&#8221;1600%&#8221; module_alignment=&#8221;center&#8221; global_colors_info=&#8221;{}&#8221;][et_pb_row _builder_version=&#8221;4.17.6&#8243; _module_preset=&#8221;default&#8221; background_enable_image=&#8221;off&#8221; max_width=&#8221;1200px&#8221; module_alignment=&#8221;center&#8221; custom_padding=&#8221;70px|70px|70px|70px|false|false&#8221; global_colors_info=&#8221;{}&#8221;][et_pb_column type=&#8221;4_4&#8243; _builder_version=&#8221;4.17.6&#8243; _module_preset=&#8221;default&#8221; global_colors_info=&#8221;{}&#8221;][et_pb_text _builder_version=&#8221;4.19.5&#8243; _module_preset=&#8221;default&#8221; text_text_color=&#8221;#FFFFFF&#8221; background_layout=&#8221;dark&#8221; text_text_shadow_style=&#8221;preset3&#8243; text_text_shadow_color=&#8221;#000000&#8243; global_colors_info=&#8221;{}&#8221;]<\/p>\n<h1 style=\"text-align: center;\">Join Our Team<\/h1>\n<h3 style=\"text-align: center;\">Activate your talents at NVL. Unlock your potentials.<\/h3>\n<p style=\"text-align: center;\"><a class=\"home\" title=\"Go to Homepage.\" href=\"https:\/\/newvisionlog.vn\/\" rel=\"v:url\">Home<\/a> \u00bb Career and Recruit<\/p>\n<p>[\/et_pb_text][\/et_pb_column][\/et_pb_row][\/et_pb_section][et_pb_section fb_built=&#8221;1&#8243; _builder_version=&#8221;4.16&#8243; global_colors_info=&#8221;{}&#8221;][et_pb_row _builder_version=&#8221;4.16&#8243; background_size=&#8221;initial&#8221; background_position=&#8221;top_left&#8221; background_repeat=&#8221;repeat&#8221; global_colors_info=&#8221;{}&#8221;][et_pb_column type=&#8221;4_4&#8243; _builder_version=&#8221;4.16&#8243; custom_padding=&#8221;|||&#8221; global_colors_info=&#8221;{}&#8221; custom_padding__hover=&#8221;|||&#8221;][et_pb_text _builder_version=&#8221;4.19.5&#8243; background_size=&#8221;initial&#8221; background_position=&#8221;top_left&#8221; background_repeat=&#8221;repeat&#8221; global_colors_info=&#8221;{}&#8221;]<\/p>\n<h1 class=\"entry-title main_title\" style=\"text-align: center;\">\u00a0<\/h1>\n<h3 style=\"text-align: center;\">New Vision Logistics is offering following positions:<\/h3>\n<p style=\"text-align: center;\">Make a phone call or send your CV to our contact emails, we are waiting for you!<\/p>\n<p>[\/et_pb_text][et_pb_divider color=&#8221;#7CDA24&#8243; divider_style=&#8221;double&#8221; divider_weight=&#8221;3px&#8221; _builder_version=&#8221;4.19.5&#8243; _module_preset=&#8221;default&#8221; width=&#8221;60%&#8221; max_width=&#8221;80%&#8221; module_alignment=&#8221;center&#8221; global_colors_info=&#8221;{}&#8221;][\/et_pb_divider][\/et_pb_column][\/et_pb_row][et_pb_row column_structure=&#8221;1_3,2_3&#8243; use_custom_gutter=&#8221;on&#8221; make_equal=&#8221;on&#8221; _builder_version=&#8221;4.19.5&#8243; _module_preset=&#8221;default&#8221; global_colors_info=&#8221;{}&#8221;][et_pb_column type=&#8221;1_3&#8243; _builder_version=&#8221;4.19.5&#8243; _module_preset=&#8221;default&#8221; global_colors_info=&#8221;{}&#8221;][et_pb_image src=&#8221;https:\/\/newvisionlog.vn\/wp-content\/uploads\/2023\/02\/1636898291834_c51d8e4ab9.jpg&#8221; title_text=&#8221;1636898291834_c51d8e4ab9&#8243; _builder_version=&#8221;4.19.5&#8243; _module_preset=&#8221;default&#8221; border_radii=&#8221;on|8px|8px|8px|8px&#8221; border_width_all=&#8221;1px&#8221; border_color_all=&#8221;#e2e2e2&#8243; box_shadow_style=&#8221;preset2&#8243; box_shadow_horizontal=&#8221;3px&#8221; box_shadow_blur=&#8221;2px&#8221; box_shadow_color=&#8221;#757575&#8243; global_colors_info=&#8221;{}&#8221;][\/et_pb_image][\/et_pb_column][et_pb_column type=&#8221;2_3&#8243; _builder_version=&#8221;4.19.5&#8243; _module_preset=&#8221;default&#8221; global_colors_info=&#8221;{}&#8221;][et_pb_text _builder_version=&#8221;4.19.5&#8243; _module_preset=&#8221;default&#8221; hover_enabled=&#8221;0&#8243; global_colors_info=&#8221;{}&#8221; sticky_enabled=&#8221;0&#8243;]<\/p>\n<p>Do nhu c\u1ea7u m\u1edf r\u1ed9ng kinh doanh, C\u00d4NG\u00a0TY NEW VISION LOGISTICS c\u1ea7n tuy\u1ec3n nh\u00e2n s\u1ef1 l\u00e0m vi\u1ec7c v\u1edbi c\u00e1c th\u00f4ng tin c\u1ee5 th\u1ec3 nh\u01b0 sau :<\/p>\n<p>V\u1ecb tr\u00ed tuy\u1ec3n d\u1ee5ng: <strong>NH\u00c2N VI\u00caN KINH DOANH<\/strong>, S\u1ed1 l\u01b0\u1ee3ng: 03\u00a0ng\u01b0\u1eddi<\/p>\n<p>M\u00f4 t\u1ea3 c\u00f4ng vi\u1ec7c:<\/p>\n<ul>\n<li>Li\u00ean h\u1ec7 v\u1edbi kh\u00e1ch h\u00e0ng (trong n\u01b0\u1edbc, ngo\u00e0i n\u01b0\u1edbc, \u0111\u1ea1i l\u00fd \u2026) \u0111\u1ec3 ch\u00e0o gi\u00e1 v\u00e0 cung c\u1ea5p t\u1ea5t c\u1ea3 c\u00e1c d\u1ecbch v\u1ee5 logistics c\u1ee7a c\u00f4ng ty (d\u1ecbch v\u1ee5 m\u00f4i gi\u1edbi c\u01b0\u1edbc v\u1eadn t\u1ea3i qu\u1ed1c t\u1ebf, d\u1ecbch v\u1ee5 khai thu\u00ea h\u1ea3i quan, v\u1eadn chuy\u1ec3n n\u1ed9i \u0111\u1ecba v\u00e0 t\u1ea5t c\u1ea3 c\u00e1c d\u1ecbch v\u1ee5 kh\u00e1c li\u00ean quan \u0111\u1ebfn giao nh\u1eadn v\u1eadn t\u1ea3i) \u0111\u1ec3 t\u00ecm ki\u1ebfm, x\u00e2y d\u1ef1ng v\u00e0 ph\u00e1t tri\u1ec3n h\u1ec7 th\u1ed1ng kh\u00e1ch h\u00e0ng.<\/li>\n<\/ul>\n<p>Y\u00eau c\u1ea7u chung:<\/p>\n<ul>\n<li>Nam \/ N\u1eef ngo\u1ea1i h\u00ecnh d\u1ec5 nh\u00ecn.<\/li>\n<li>C\u00f3kinh nghi\u1ec7m t\u1ed1i thi\u1ec3u 2 n\u0103m \u1edf c\u00e1c c\u00f4ng ty logistics v\u1edbi v\u1ecb tr\u00ed t\u01b0\u01a1ng \u0111\u01b0\u01a1ng<\/li>\n<li>Ti\u1ebfng Anh giao ti\u1ebfp.<\/li>\n<li>Bi\u1ebft s\u1eed d\u1ee5ng MS.Office<\/li>\n<li>C\u00f3 tinh th\u1ea7n tr\u00e1ch nhi\u1ec7m cao, tinh th\u1ea7n c\u1ea7u ti\u1ebfn, \u0111am m\u00ea c\u00f4ng vi\u1ec7c kinh doanh v\u00e0 \u0111am m\u00ea ki\u1ebfm ti\u1ec1n.<\/li>\n<\/ul>\n<p>L\u01b0\u01a1ng v\u00e0 ch\u00ednh s\u00e1ch ph\u00fac l\u1ee3i:<\/p>\n<ul>\n<li>L\u01b0\u01a1ng th\u1ecfa thu\u1eadn theo kinh nghi\u1ec7mv\u00e0 n\u0103ng l\u1ef1c (chi ti\u1ebft s\u1ebd \u0111\u01b0\u1ee3c trao \u0111\u1ed5i khi ph\u1ecfng v\u1ea5n)<\/li>\n<li>Ch\u00ednh s\u00e1ch th\u01b0\u1edfng chung: \u0111\u01b0\u1ee3c nh\u1eadn theo t\u1ef7 l\u1ec7 tr\u00ean t\u1ed5ng 28% l\u1ee3i nhu\u1eadn r\u00f2ng.<\/li>\n<li>\u0110\u01b0\u1ee3c h\u1ed7 tr\u1ee3 gi\u00e1 mua \u0111\u1ea7u v\u00e0o c\u1ee7a t\u1ea5t c\u1ea3 nh\u00e0 cung c\u1ea5p h\u00e3ng t\u00e0u, h\u00e3ng h\u00e0ng kh\u00f4ng, \u0111\u1ea1i l\u00fd n\u01b0\u1edbc ngo\u00e0i, nh\u00e0 xe v\u1eadn chuy\u1ec3n n\u1ed9i \u0111\u1ecba\u2026 v\u00e0 c\u00f3 \u0111\u1ed9i ng\u0169 nh\u00e2n vi\u00ean ch\u0103m s\u00f3c kh\u00e1ch h\u00e0ng, nh\u00e2n vi\u00ean ch\u1ee9ng t\u1eeb v\u00e0 b\u1ed9 ph\u1eadn logistics c\u00f3 kinh nghi\u1ec7m h\u1ed7 tr\u1ee3 trong c\u00f4ng vi\u1ec7c h\u1eadu c\u1ea7n, b\u1ed9 ph\u1eadn kho\u2026.<\/li>\n<li>\u0110\u01b0\u1ee3c h\u1ed7 tr\u1ee3 danh s\u00e1ch kh\u00e1ch h\u00e0ng ti\u1ec1m n\u0103ng\u0111\u1ec3 li\u00ean l\u1ea1c<\/li>\n<li>Ch\u00ednh s\u00e1ch th\u01b0\u1edfng c\u00e1 nh\u00e2n: v\u00e0o c\u00e1c ng\u00e0y l\u1ec5 30\/4 v\u00e0 01\/05, 02\/09, T\u1ebft D\u01b0\u01a1ng L\u1ecbch, T\u1ebft \u00c2m L\u1ecbch, l\u01b0\u01a1ng th\u00e1ng 13 v\u00e0 th\u01b0\u1edfng cu\u1ed1i n\u0103m.<\/li>\n<li>Tham gia du l\u1ecbch \u0111\u1ecbnh k\u1ef3 h\u00e0ng n\u0103m<\/li>\n<li>Kh\u00e1m s\u1ee9c kho\u1ebb \u0111\u1ecbnh k\u1ef3 h\u00e0ng n\u0103m<\/li>\n<li>Chi ph\u00ed m\u1eebng sinh nh\u1eadt<\/li>\n<li>Ngh\u1ec9 ph\u00e9p: nh\u00e2n vi\u00ean l\u00e0m \u0111\u1ee7 1 n\u0103m \u0111\u01b0\u1ee3c h\u01b0\u1edfng 12 ng\u00e0y ph\u00e9p.<\/li>\n<li>Ngh\u1ec9 l\u1ec5: theo quy \u0111\u1ecbnh hi\u1ec7n h\u00e0nh c\u1ee7a Nh\u00e0 n\u01b0\u1edbc v\u00e0 Lu\u1eadt Lao \u0110\u1ed9ng.<\/li>\n<\/ul>\n<p>Th\u1eddi gian l\u00e0m vi\u1ec7c:<\/p>\n<ul>\n<li>T\u1eeb th\u1ee9 2 \u0111\u1ebfn th\u1ee9 6 h\u00e0ng tu\u1ea7n: 8g-12g v\u00e0 13g30 \u0111\u1ebfn 17g30<\/li>\n<li>S\u00e1ng th\u1ee9 7: L\u00e0m vi\u1ec7c t\u1ea1i nh\u00e0 (n\u1ebfu c\u00f3 vi\u1ec7c)<\/li>\n<\/ul>\n<p>N\u1ed9p CV tr\u1ef1c ti\u1ebfp qua email:<\/p>\n<p><a href=\"mailto:duyhoangtm@gmail.com\"><u>duyhoangtm@gmail.com<\/u><\/a> <u><\/u><\/p>\n<p><a href=\"mailto:lemyanh.0887@gmail.com\"><u>lemyanh.0887@gmail.com<\/u><\/a><\/p>\n<p><a href=\"mailto:lehan8363@gmail.com\">lehan8363@gmail.com<\/a><\/p>\n<p><a href=\"mailto:huongql09@gmail.com\">huongql09@gmail.com<\/a><\/p>\n<p><u>\u00a0<\/u><\/p>\n<p>H\u1ea1n ch\u00f3t n\u1ed9p h\u1ed3 s\u01a1 \u0111\u1ebfn h\u1ebft ng\u00e0y 20\/07\/2023<\/p>\n<p>[\/et_pb_text][\/et_pb_column][\/et_pb_row][et_pb_row _builder_version=&#8221;4.16&#8243; background_size=&#8221;initial&#8221; background_position=&#8221;top_left&#8221; background_repeat=&#8221;repeat&#8221; global_colors_info=&#8221;{}&#8221;][et_pb_column type=&#8221;4_4&#8243; _builder_version=&#8221;4.16&#8243; custom_padding=&#8221;|||&#8221; global_colors_info=&#8221;{}&#8221; custom_padding__hover=&#8221;|||&#8221;][et_pb_divider color=&#8221;#7CDA24&#8243; divider_style=&#8221;double&#8221; divider_weight=&#8221;3px&#8221; _builder_version=&#8221;4.19.5&#8243; _module_preset=&#8221;default&#8221; width=&#8221;60%&#8221; max_width=&#8221;80%&#8221; module_alignment=&#8221;center&#8221; global_colors_info=&#8221;{}&#8221;][\/et_pb_divider][\/et_pb_column][\/et_pb_row][et_pb_row _builder_version=&#8221;4.16&#8243; background_size=&#8221;initial&#8221; background_position=&#8221;top_left&#8221; background_repeat=&#8221;repeat&#8221; global_colors_info=&#8221;{}&#8221;][et_pb_column type=&#8221;4_4&#8243; _builder_version=&#8221;4.16&#8243; custom_padding=&#8221;|||&#8221; global_colors_info=&#8221;{}&#8221; custom_padding__hover=&#8221;|||&#8221;][et_pb_text _builder_version=&#8221;4.19.5&#8243; background_size=&#8221;initial&#8221; background_position=&#8221;top_left&#8221; background_repeat=&#8221;repeat&#8221; global_colors_info=&#8221;{}&#8221;]<\/p>\n<p style=\"text-align: center;\">Would you like to apply to one of above positions? Then don&#8217;t hesitate to call or just drop us an email with your CVs, we are more than happy to have you with us.<\/p>\n<p>&nbsp;<\/p>\n<p>[\/et_pb_text][et_pb_image src=&#8221;https:\/\/newvisionlog.vn\/wp-content\/uploads\/2023\/02\/1636898291813_93dab71a69.jpg&#8221; title_text=&#8221;1636898291813_93dab71a69&#8243; align=&#8221;center&#8221; force_fullwidth=&#8221;on&#8221; _builder_version=&#8221;4.19.5&#8243; _module_preset=&#8221;default&#8221; border_radii=&#8221;on|5px|5px|5px|5px&#8221; box_shadow_style=&#8221;preset2&#8243; global_colors_info=&#8221;{}&#8221;][\/et_pb_image][\/et_pb_column][\/et_pb_row][\/et_pb_section][et_pb_section fb_built=&#8221;1&#8243; module_id=&#8221;inquiry-frm&#8221; _builder_version=&#8221;4.17.6&#8243; _module_preset=&#8221;default&#8221; background_color=&#8221;RGBA(255,255,255,0)&#8221; background_image=&#8221;https:\/\/newvisionlog.vn\/wp-content\/uploads\/2023\/02\/background-about-home.jpg&#8221; background_position=&#8221;bottom_center&#8221; custom_margin=&#8221;0px||||false|false&#8221; custom_padding=&#8221;50px||50px||false|false&#8221; global_module=&#8221;3547&#8243; saved_tabs=&#8221;all&#8221; global_colors_info=&#8221;{}&#8221;][et_pb_row column_structure=&#8221;1_2,1_2&#8243; use_custom_gutter=&#8221;on&#8221; gutter_width=&#8221;1&#8243; make_equal=&#8221;on&#8221; _builder_version=&#8221;4.19.5&#8243; _module_preset=&#8221;default&#8221; background_color=&#8221;#FFFFFF&#8221; background_enable_image=&#8221;off&#8221; module_alignment=&#8221;center&#8221; custom_padding=&#8221;0px|0px|0px|0px|false|false&#8221; border_radii=&#8221;on|20px|20px|20px|20px&#8221; box_shadow_style=&#8221;preset1&#8243; global_colors_info=&#8221;{}&#8221;][et_pb_column type=&#8221;1_2&#8243; _builder_version=&#8221;4.19.5&#8243; _module_preset=&#8221;default&#8221; custom_padding=&#8221;60px|7%|60px|7%|false|false&#8221; global_colors_info=&#8221;{}&#8221;][et_pb_text _builder_version=&#8221;4.19.5&#8243; _module_preset=&#8221;default&#8221; global_colors_info=&#8221;{}&#8221;]<\/p>\n<h3><span data-text-color=\"primary\">Contact Us \/<\/span><\/h3>\n<h1>Inquire a Service<\/h1>\n<p>[\/et_pb_text][et_pb_blurb use_icon=&#8221;on&#8221; font_icon=&#8221;&#xe081;||divi||400&#8243; icon_placement=&#8221;left&#8221; _builder_version=&#8221;4.19.5&#8243; _module_preset=&#8221;default&#8221; header_text_color=&#8221;#000000&#8243; custom_margin=&#8221;20px||||false|false&#8221; global_colors_info=&#8221;{}&#8221;]<\/p>\n<p>9th Floor, Dinh Le Building<\/p>\n<p>[\/et_pb_blurb][et_pb_blurb use_icon=&#8221;on&#8221; font_icon=&#8221;&#x24;||divi||400&#8243; icon_placement=&#8221;left&#8221; _builder_version=&#8221;4.19.5&#8243; _module_preset=&#8221;default&#8221; header_text_color=&#8221;#000000&#8243; custom_margin=&#8221;20px||||false|false&#8221; global_colors_info=&#8221;{}&#8221;]<\/p>\n<p>01 Dinh Le Street, Ward 13, District 4, HCMC, Vietnam<\/p>\n<p>[\/et_pb_blurb][et_pb_blurb use_icon=&#8221;on&#8221; font_icon=&#8221;&#xf1e4;||fa||900&#8243; icon_placement=&#8221;left&#8221; _builder_version=&#8221;4.19.5&#8243; _module_preset=&#8221;default&#8221; header_text_color=&#8221;#000000&#8243; custom_margin=&#8221;20px||||false|false&#8221; global_colors_info=&#8221;{}&#8221;]<\/p>\n<p>+84 028 39 433 806<\/p>\n<p>[\/et_pb_blurb][et_pb_blurb use_icon=&#8221;on&#8221; font_icon=&#8221;&#xf1fa;||fa||900&#8243; icon_placement=&#8221;left&#8221; _builder_version=&#8221;4.19.5&#8243; _module_preset=&#8221;default&#8221; header_text_color=&#8221;#000000&#8243; custom_margin=&#8221;20px||||false|false&#8221; global_colors_info=&#8221;{}&#8221;]<\/p>\n<p><a href=\"mailto:contact@newvisionlog.vn\">contact@newvisionlog.vn<\/a><\/p>\n<p>[\/et_pb_blurb][\/et_pb_column][et_pb_column type=&#8221;1_2&#8243; _builder_version=&#8221;4.19.5&#8243; _module_preset=&#8221;default&#8221; background_enable_color=&#8221;off&#8221; background_image=&#8221;https:\/\/newvisionlog.vn\/wp-content\/uploads\/2023\/02\/large_1636898291841_2e6b053484.jpg&#8221; parallax=&#8221;on&#8221; custom_padding=&#8221;50px|50px|50px|50px|false|false&#8221; filter_saturate=&#8221;50%&#8221; global_colors_info=&#8221;{}&#8221;][et_pb_contact_form use_spam_service=&#8221;on&#8221; recaptcha_list=&#8221;newvi-0&#8243; email=&#8221;contact@newvisionlog.vn,tuyen@caurao.com&#8221; success_message=&#8221;Thank you! We will reply soon, stay in touch!&#8221; submit_button_text=&#8221;Send Inquiry&#8221; _builder_version=&#8221;4.19.5&#8243; _module_preset=&#8221;default&#8221; _unique_id=&#8221;3f8372dc-1506-4224-bcc6-f9e2c116c7be&#8221; form_field_background_color=&#8221;#f9f9f9&#8243; form_field_text_color=&#8221;#7f7f7f&#8221; form_field_focus_background_color=&#8221;#FFFFFF&#8221; form_field_focus_text_color=&#8221;#000000&#8243; custom_button=&#8221;on&#8221; button_bg_color=&#8221;rgba(255,255,255,0.83)&#8221; global_colors_info=&#8221;{}&#8221;][et_pb_contact_field field_id=&#8221;Name&#8221; field_title=&#8221;Name&#8221; _builder_version=&#8221;4.16&#8243; global_colors_info=&#8221;{}&#8221; button_text_size__hover_enabled=&#8221;off&#8221; button_one_text_size__hover_enabled=&#8221;off&#8221; button_two_text_size__hover_enabled=&#8221;off&#8221; button_text_color__hover_enabled=&#8221;off&#8221; button_one_text_color__hover_enabled=&#8221;off&#8221; button_two_text_color__hover_enabled=&#8221;off&#8221; button_border_width__hover_enabled=&#8221;off&#8221; button_one_border_width__hover_enabled=&#8221;off&#8221; button_two_border_width__hover_enabled=&#8221;off&#8221; button_border_color__hover_enabled=&#8221;off&#8221; button_one_border_color__hover_enabled=&#8221;off&#8221; button_two_border_color__hover_enabled=&#8221;off&#8221; button_border_radius__hover_enabled=&#8221;off&#8221; button_one_border_radius__hover_enabled=&#8221;off&#8221; button_two_border_radius__hover_enabled=&#8221;off&#8221; button_letter_spacing__hover_enabled=&#8221;off&#8221; button_one_letter_spacing__hover_enabled=&#8221;off&#8221; button_two_letter_spacing__hover_enabled=&#8221;off&#8221; button_bg_color__hover_enabled=&#8221;off&#8221; button_one_bg_color__hover_enabled=&#8221;off&#8221; button_two_bg_color__hover_enabled=&#8221;off&#8221;][\/et_pb_contact_field][et_pb_contact_field field_id=&#8221;phone_number&#8221; field_title=&#8221;Phone Number&#8221; _builder_version=&#8221;4.17.6&#8243; _module_preset=&#8221;default&#8221; global_colors_info=&#8221;{}&#8221;][\/et_pb_contact_field][et_pb_contact_field field_id=&#8221;Email&#8221; field_title=&#8221;Email Address&#8221; field_type=&#8221;email&#8221; fullwidth_field=&#8221;on&#8221; _builder_version=&#8221;4.19.5&#8243; global_colors_info=&#8221;{}&#8221; button_text_size__hover_enabled=&#8221;off&#8221; button_one_text_size__hover_enabled=&#8221;off&#8221; button_two_text_size__hover_enabled=&#8221;off&#8221; button_text_color__hover_enabled=&#8221;off&#8221; button_one_text_color__hover_enabled=&#8221;off&#8221; button_two_text_color__hover_enabled=&#8221;off&#8221; button_border_width__hover_enabled=&#8221;off&#8221; button_one_border_width__hover_enabled=&#8221;off&#8221; button_two_border_width__hover_enabled=&#8221;off&#8221; button_border_color__hover_enabled=&#8221;off&#8221; button_one_border_color__hover_enabled=&#8221;off&#8221; button_two_border_color__hover_enabled=&#8221;off&#8221; button_border_radius__hover_enabled=&#8221;off&#8221; button_one_border_radius__hover_enabled=&#8221;off&#8221; button_two_border_radius__hover_enabled=&#8221;off&#8221; button_letter_spacing__hover_enabled=&#8221;off&#8221; button_one_letter_spacing__hover_enabled=&#8221;off&#8221; button_two_letter_spacing__hover_enabled=&#8221;off&#8221; button_bg_color__hover_enabled=&#8221;off&#8221; button_one_bg_color__hover_enabled=&#8221;off&#8221; button_two_bg_color__hover_enabled=&#8221;off&#8221;][\/et_pb_contact_field][et_pb_contact_field field_id=&#8221;inquiry&#8221; field_title=&#8221;Your Inquiry&#8230;&#8221; field_type=&#8221;select&#8221; select_options=&#8221;%91{%22value%22:%22Inquire a Service%22,%22checked%22:0,%22dragID%22:0},{%22value%22:%22General Contact%22,%22checked%22:0,%22dragID%22:1}%93&#8243; fullwidth_field=&#8221;on&#8221; _builder_version=&#8221;4.19.5&#8243; _module_preset=&#8221;default&#8221; global_colors_info=&#8221;{}&#8221;][\/et_pb_contact_field][et_pb_contact_field field_id=&#8221;Message&#8221; field_title=&#8221;Message&#8221; field_type=&#8221;text&#8221; fullwidth_field=&#8221;on&#8221; _builder_version=&#8221;4.16&#8243; global_colors_info=&#8221;{}&#8221; button_text_size__hover_enabled=&#8221;off&#8221; button_one_text_size__hover_enabled=&#8221;off&#8221; button_two_text_size__hover_enabled=&#8221;off&#8221; button_text_color__hover_enabled=&#8221;off&#8221; button_one_text_color__hover_enabled=&#8221;off&#8221; button_two_text_color__hover_enabled=&#8221;off&#8221; button_border_width__hover_enabled=&#8221;off&#8221; button_one_border_width__hover_enabled=&#8221;off&#8221; button_two_border_width__hover_enabled=&#8221;off&#8221; button_border_color__hover_enabled=&#8221;off&#8221; button_one_border_color__hover_enabled=&#8221;off&#8221; button_two_border_color__hover_enabled=&#8221;off&#8221; button_border_radius__hover_enabled=&#8221;off&#8221; button_one_border_radius__hover_enabled=&#8221;off&#8221; button_two_border_radius__hover_enabled=&#8221;off&#8221; button_letter_spacing__hover_enabled=&#8221;off&#8221; button_one_letter_spacing__hover_enabled=&#8221;off&#8221; button_two_letter_spacing__hover_enabled=&#8221;off&#8221; button_bg_color__hover_enabled=&#8221;off&#8221; button_one_bg_color__hover_enabled=&#8221;off&#8221; button_two_bg_color__hover_enabled=&#8221;off&#8221;][\/et_pb_contact_field][\/et_pb_contact_form][\/et_pb_column][\/et_pb_row][\/et_pb_section]<\/p>\n","protected":false},"excerpt":{"rendered":"<p>Join Our Team Activate your talents at NVL. Unlock your potentials. Home \u00bb Career and Recruit\u00a0 New Vision Logistics is offering following positions: Make a phone call or send your CV to our contact emails, we are waiting for you!Do nhu c\u1ea7u m\u1edf r\u1ed9ng kinh doanh, C\u00d4NG\u00a0TY NEW VISION LOGISTICS c\u1ea7n tuy\u1ec3n nh\u00e2n s\u1ef1 l\u00e0m [&hellip;]<\/p>\n","protected":false},"author":1,"featured_media":201,"parent":0,"menu_order":28,"comment_status":"open","ping_status":"open","template":"","meta":{"_et_pb_use_builder":"on","_et_pb_old_content":"<h3>Mr. Anh Nguyen\u00a0(CPA, MBA),\u00a0Chairman<\/h3><p>Anh, founder of DCPA, has spent 14\u00a0years performing audit and assurance services. He had worked for Ernst & Young Vietnam and Deloitte Vietnam, two of the global Big-Four audit firms, before founding DCPA.<\/p><p>He was in charge of a diverse client portfolio relating to NGOs and ILOs, projects funded by World Bank (WB), Asia Development Bank (ADB), Swedish International Development Agency (SIDA), International Women\u2019s Development Agency (IWDA), Bread for the World, etc. He also served a wide range of multinationals such as Canon, Vietnam Float Glass, Sunway Ha Tay, Sunway Ocean, Diethelm Travel, and leading state-owned enterprises like PetroVietnam and its major subsidiaries (PETECHIM, PVEP, and PVTRANS).<\/p><p>Tuan Anh holds a Vietnamese CPA, an M.B.A. granted by Paris Chamber of Commercial and Industry, and a B.Sc in Accounting from the National Econonics University, Hanoi.<\/p><h3>Mr. Duong Nguyen\u00a0(CPA), Managing Partner<\/h3><p>Duong, co-founder of DCPA, has spent 13 years in audit, including 5 years with Deloitte Vietnam, where he worked with numerous foreign-invested enterprises (FIEs), state-owned enterprises (SOEs), and NGO projects in Vietnam.<\/p><p>He was also involved in providing the services of accounting, management consulting as a team leader for many multinationals. Key clients he served include Vietnam Deawoo Motor, LG Vina, Chinfon Haiphong Cement, Daewoo Hanel Electronics, Metropole Hotel, Vietcombank Tower, Petro Vietnam, Electricity Vietnam (EVN).<\/p><p>Duong holds a Vietnamese CPA, and a B.Sc in Accounting from the National Econonics University, Hanoi.<\/p><h3>Mr. Truong Tran\u00a0(MBA), Partner<\/h3><p>Truong has accumulated more than\u00a010 years' experience in corporate finance and business consulting, notably M&A advisory and market intelligence in Vietnam.<\/p><p>Before joining DCPA, Truong worked as a Manager at Openasia Consulting, where he advised several European MNCs on market studies and market entry strategies including also partner identification and business matching. More previously, as an Investment Manager for Saigon Capital, Truong was responsible for sourcing and executing private equity investments with SMEs and working with global investors to update on the investments. Before that, he worked for M&A International Inc. and Grant Thornton (Vietnam) \u2013 among the world\u2019s leading accounting and consulting firms, where he built valuable experience in capital raising, business valuation, and particularly M&A international best practices.<\/p><p>Truong holds an M.B.A. in Finance from Solvay Businesss School (Belgium)\u00a0and a B.A in International Business from Foreign Trade University, Hanoi.<\/p><h3>Mr. Tra Doan\u00a0(CPA),\u00a0Partner<\/h3><p>Tra\u00a0has spent 13 years in audit & accounting, including 8 years with BDO Vietnam, the Vietnamese member firm\u00a0of one of the six largest global accounting alliances.<\/p><p>Tra\u00a0has worked intensively, as a team leader or an auditor-in-charge, with high profile clients including\u00a0big foreign-owned companies, multinational groups, state-owned corporations, listed companies such as Obayashi Vietnam, Yokohama Tyre Vietnam, Stickley International, Bourbon Tay Ninh JSC, CP Vina Group, TTF Group (listed on HOSE) etc.<\/p><p>Tra\u00a0holds a Vietnamese CPA, and a B.Sc in Audit and Accounting from the Ho Chi Minh City\u00a0 Economics University.<\/p><h3>Ms. Trang Nguyen\u00a0(ACCA), Audit Manager<\/h3><p>Trang possesses an excellent academic background in accounting (top distriction graduate) and has spent several years in international professional environments. Before joining DCPA, she worked as an audit senior at E-jung Auditing Company (Korean-owned) and Treasurer at ABB, a Swedish-Swish giant multinational in power and automation technology areas. Trang is highly experienced in designing internal control systems and working with IFRS.<\/p><p>Trang is a member of ACCA (the UK Chartered Certified Accountant qualification), and holds a B.Sc in Accounting from Vietnam Trade Union University.<\/p><h3>Ms. Mai Tran\u00a0(CPA), Audit Manager<\/h3><p>Mai has spent nearly 10 years in audit including 6 years with AASC, a leading local audit firm in Vietnam. She has solid exposure to such sectors as trading, manufacturing, construction, telecommunication, hospitality and tourism, etc. and has worked with clients of various ownership types (state-owned, FDI, local private). Besides working as an auditor, Mai has also worked as a tax accountant, receivable accountant and bank accountant.<\/p><p>Mai holds a Vietnamese CPA, and a B.Sc in Banking from the National Economics University, Hanoi.<\/p><h3>Ms. Duong Thuan\u00a0(CPA, MSc), Audit Manager<\/h3><p>Thuan was a former auditor of AASC for over 6 years and has built strong audit expertise with different corporate segments in diverse business sectors. Plus, Thuan has built valuable experience in developing accounting and internal control systems for client corporations. She also worked as an internal control executive at Vietinbank Gold and Jewelry, a subsidiary of Vietinbank, a leading State-run commercial bank in Vietnam.<\/p><p>Thuan is a holder of Vietnamese CPA, and has graduated from the Academy of Finance (Hanoi) with a B.Sc and an M.Sc in Accounting.<\/p>","_et_gb_content_width":"","footnotes":""},"class_list":["post-12","page","type-page","status-publish","has-post-thumbnail","hentry"],"_links":{"self":[{"href":"https:\/\/newvisionlog.vn\/vi\/wp-json\/wp\/v2\/pages\/12","targetHints":{"allow":["GET"]}}],"collection":[{"href":"https:\/\/newvisionlog.vn\/vi\/wp-json\/wp\/v2\/pages"}],"about":[{"href":"https:\/\/newvisionlog.vn\/vi\/wp-json\/wp\/v2\/types\/page"}],"author":[{"embeddable":true,"href":"https:\/\/newvisionlog.vn\/vi\/wp-json\/wp\/v2\/users\/1"}],"replies":[{"embeddable":true,"href":"https:\/\/newvisionlog.vn\/vi\/wp-json\/wp\/v2\/comments?post=12"}],"version-history":[{"count":69,"href":"https:\/\/newvisionlog.vn\/vi\/wp-json\/wp\/v2\/pages\/12\/revisions"}],"predecessor-version":[{"id":5342,"href":"https:\/\/newvisionlog.vn\/vi\/wp-json\/wp\/v2\/pages\/12\/revisions\/5342"}],"wp:featuredmedia":[{"embeddable":true,"href":"https:\/\/newvisionlog.vn\/vi\/wp-json\/wp\/v2\/media\/201"}],"wp:attachment":[{"href":"https:\/\/newvisionlog.vn\/vi\/wp-json\/wp\/v2\/media?parent=12"}],"curies":[{"name":"wp","href":"https:\/\/api.w.org\/{rel}","templated":true}]}}